{"id":17,"date":"2016-03-07T19:49:42","date_gmt":"2016-03-07T19:49:42","guid":{"rendered":"http:\/\/collines.com.br\/?page_id=17"},"modified":"2016-05-12T20:14:31","modified_gmt":"2016-05-12T20:14:31","slug":"sobre-nos","status":"publish","type":"page","link":"https:\/\/collinessistemas.com.br\/?page_id=17","title":{"rendered":"Empresa"},"content":{"rendered":"<p><img loading=\"lazy\" decoding=\"async\" class=\"wp-image-55 aligncenter\" src=\"http:\/\/cefdecoracoes.com.br\/wpcollines\/wp-content\/uploads\/2016\/03\/banner-empresa-1.jpg\" alt=\"banner-empresa\" width=\"1024\" height=\"307\" srcset=\"https:\/\/collinessistemas.com.br\/wp-content\/uploads\/2016\/03\/banner-empresa-1.jpg 1000w, https:\/\/collinessistemas.com.br\/wp-content\/uploads\/2016\/03\/banner-empresa-1-300x90.jpg 300w, https:\/\/collinessistemas.com.br\/wp-content\/uploads\/2016\/03\/banner-empresa-1-768x230.jpg 768w, https:\/\/collinessistemas.com.br\/wp-content\/uploads\/2016\/03\/banner-empresa-1-250x75.jpg 250w\" sizes=\"(max-width: 1024px) 100vw, 1024px\" \/><\/p>\n<p>Fundada em 2006, a Collines Sistemas \u00e9 uma empresa dedicada ao desenvolvimento de aplica\u00e7\u00f5es automatizadas que atuam como solu\u00e7\u00e3o para diversos tipos de\u00a0segmentos de com\u00e9rcio.<\/p>\n<p>Nascida no sul de Minas Gerais, hoje a empresa conta com uma filial em Bragan\u00e7a Paulista para permitir maior prestabilidade no atendimento e suporte.<\/p>\n<p>Somos uma empresa que visa agregar valor aos neg\u00f3cios de nossos clientes por meio da aplica\u00e7\u00e3o das solu\u00e7\u00f5es mais adequadas \u00e0s suas necessidades e \u00e0 sua estrat\u00e9gia\u00a0de atua\u00e7\u00e3o, dentro dos princ\u00edpios \u00e9ticos e de qualidade.<\/p>\n<p>Apostamos na excel\u00eancia dos servi\u00e7os prestados apoiados em profissionais especializados nas respectivas \u00e1reas de atua\u00e7\u00e3o dos sistemas.<\/p>\n<p>Mais do que uma empresa de TI, somos um parceiro de neg\u00f3cios com o intuito de aumentar a competitividade de nossos clientes, desenvolvendo solu\u00e7\u00f5es de software e\u00a0possibilitando maior agilidade nos neg\u00f3cios e menores custos.<\/p>\n<p>&nbsp;<\/p>\n","protected":false},"excerpt":{"rendered":"<p>Fundada em 2006, a Collines Sistemas \u00e9 uma empresa dedicada ao desenvolvimento de aplica\u00e7\u00f5es automatizadas que atuam como solu\u00e7\u00e3o para diversos tipos de\u00a0segmentos de com\u00e9rcio. Nascida no sul de Minas Gerais, hoje a empresa conta com uma filial em Bragan\u00e7a Paulista para permitir maior prestabilidade no atendimento e suporte. Somos uma empresa que visa agregar<\/p>\n","protected":false},"author":1,"featured_media":0,"parent":0,"menu_order":0,"comment_status":"closed","ping_status":"closed","template":"fullwidth.php","meta":{"footnotes":""},"class_list":["post-17","page","type-page","status-publish","hentry"],"_links":{"self":[{"href":"https:\/\/collinessistemas.com.br\/index.php?rest_route=\/wp\/v2\/pages\/17"}],"collection":[{"href":"https:\/\/collinessistemas.com.br\/index.php?rest_route=\/wp\/v2\/pages"}],"about":[{"href":"https:\/\/collinessistemas.com.br\/index.php?rest_route=\/wp\/v2\/types\/page"}],"author":[{"embeddable":true,"href":"https:\/\/collinessistemas.com.br\/index.php?rest_route=\/wp\/v2\/users\/1"}],"replies":[{"embeddable":true,"href":"https:\/\/collinessistemas.com.br\/index.php?rest_route=%2Fwp%2Fv2%2Fcomments&post=17"}],"version-history":[{"count":12,"href":"https:\/\/collinessistemas.com.br\/index.php?rest_route=\/wp\/v2\/pages\/17\/revisions"}],"predecessor-version":[{"id":146,"href":"https:\/\/collinessistemas.com.br\/index.php?rest_route=\/wp\/v2\/pages\/17\/revisions\/146"}],"wp:attachment":[{"href":"https:\/\/collinessistemas.com.br\/index.php?rest_route=%2Fwp%2Fv2%2Fmedia&parent=17"}],"curies":[{"name":"wp","href":"https:\/\/api.w.org\/{rel}","templated":true}]}}