{"id":15,"date":"2016-03-07T19:49:00","date_gmt":"2016-03-07T19:49:00","guid":{"rendered":"http:\/\/collines.com.br\/?page_id=15"},"modified":"2023-06-14T21:18:16","modified_gmt":"2023-06-15T00:18:16","slug":"download-2","status":"publish","type":"page","link":"https:\/\/collinessistemas.com.br\/?page_id=15","title":{"rendered":"Download"},"content":{"rendered":"<h1><strong>Sistema Online para Windows (7,8,10 e 11)<\/strong><\/h1>\n<p><a href=\"https:\/\/collinessistemas.com.br\/Downloads\/Collines_instalador.exe\" target=\"_blank\" rel=\"noopener noreferrer\"><img loading=\"lazy\" decoding=\"async\" class=\"alignnone size-medium wp-image-71\" src=\"http:\/\/cefdecoracoes.com.br\/wpcollines\/wp-content\/uploads\/2016\/03\/download-300x99.jpg\" alt=\"download\" width=\"300\" height=\"99\" srcset=\"https:\/\/collinessistemas.com.br\/wp-content\/uploads\/2016\/03\/download-300x99.jpg 300w, https:\/\/collinessistemas.com.br\/wp-content\/uploads\/2016\/03\/download-250x83.jpg 250w, https:\/\/collinessistemas.com.br\/wp-content\/uploads\/2016\/03\/download.jpg 389w\" sizes=\"(max-width: 300px) 100vw, 300px\" \/><\/a><\/p>\n<p><strong>Acesso: \u00a0<em>Login:<\/em><\/strong> teste \u00a0 \u00a0\u00a0<em><strong>Senha:<\/strong><\/em> 1234<\/p>\n<p><strong>Ou use o link abaixo:<\/strong><\/p>\n<p><a href=\"https:\/\/collinessistemas.com.br\/Downloads\/Collines_instalador.exe\" target=\"_blank\" rel=\"noopener noreferrer\">Instalador Collines Online<\/a><\/p>\n<p><a href=\"https:\/\/collinessistemas.com.br\/Downloads\/Collines_instalador_Off.exe\" target=\"_blank\" rel=\"noopener noreferrer\">Instalador Collines Offline<\/a><\/p>\n<p><a href=\"https:\/\/collinessistemas.com.br\/Downloads\/\/TM-T20.exe\" target=\"_blank\" rel=\"noopener noreferrer\">Impressora Epson TM-T20<\/a><\/p>\n<p><a href=\"https:\/\/collinessistemas.com.br\/Downloads\/\/TM-T20X.exe\" target=\"_blank\" rel=\"noopener noreferrer\">Impressora Epson TM-T20X<\/a><\/p>\n<p><a href=\"https:\/\/collinessistemas.com.br\/Downloads\/Acrobat_Reader.exe\" target=\"_blank\" rel=\"noopener noreferrer\">Acrobat Reader &#8211; Full<\/a><\/p>\n<p><a href=\"https:\/\/download.anydesk.com\/AnyDesk.exe?_ga=2.187108524.544437755.1626714502-415002175.1605361161\" target=\"_blank\" rel=\"noopener noreferrer\">Anydesk<\/a><\/p>\n<p><a href=\"https:\/\/collinessistemas.com.br\/Downloads\/AA_v3.exe\" target=\"_blank\" rel=\"noopener noreferrer\">Ammy<\/a><\/p>\n<p>Quem gostar e quiser migrar, na maioria dos casos a migra\u00e7\u00e3o \u00e9 gratuita, desde que consigamos ter acesso a BD.<\/p>\n<h2>Algumas informa\u00e7\u00f5es do sistema:<\/h2>\n<p>\u2013 Cadastro de Clientes<\/p>\n<p>\u2013 Cadastro de Fornecedores<\/p>\n<p>\u2013 Cadastro de Produtos<\/p>\n<p>\u2013 NFe completa(Envio, Cancelamento, Inutiliza\u00e7\u00e3o, Carta Corre\u00e7\u00e3o)<\/p>\n<p>\u2013 Carta de corre\u00e7\u00e3o com envio de xml autom\u00e1tico para o cliente<\/p>\n<p>\u2013 Pedido<\/p>\n<p>\u2013 Or\u00e7amento<\/p>\n<p>\u2013 Envio de email\/xml autom\u00e1tico<\/p>\n<p>\u2013 Importa\u00e7\u00e3o de NFe de compras<\/p>\n<p>\u2013 Boletos (emite boleto para todos tipos de bancos)<\/p>\n<p>\u2013 Emiss\u00e3o de boletos registrados e sem registros<\/p>\n<p>\u2013 Contas a pagar<\/p>\n<p>\u2013 Contas a receber<\/p>\n<p>\u2013 Baixa autom\u00e1tica dos boletos<\/p>\n<p>\u2013 Xml fica hospedado online(se alguma coisa acontecer com sua m\u00e1quina, tudo est\u00e1 online)<\/p>\n<p>\u2013 Configura\u00e7\u00e3o de impostos feita pelo contador sem a necessidade de ir at\u00e9 a empresa, apenas com acesso ao sistema<\/p>\n<p>\u2013 O contador ter\u00e1 acesso as NFe de sa\u00edda, sem ser preciso o envio.<\/p>\n<p>\u2013 Caixa Offline(caso o cliente fique sem conex\u00e3o com a internet, o sistema n\u00e3o para, e quando a conex\u00e3o volta, os dados s\u00e3o atualizados automaticamente para o servidor online)<\/p>\n<p>\u2013 SAT(SP) \u2013 Sistema de Administra\u00e7\u00e3o Tribut\u00e1ria<\/p>\n","protected":false},"excerpt":{"rendered":"<p>Sistema Online para Windows (7,8,10 e 11) Acesso: \u00a0Login: teste \u00a0 \u00a0\u00a0Senha: 1234 Ou use o link abaixo: Instalador Collines Online Instalador Collines Offline Impressora Epson TM-T20 Impressora Epson TM-T20X Acrobat Reader &#8211; Full Anydesk Ammy Quem gostar e quiser migrar, na maioria dos casos a migra\u00e7\u00e3o \u00e9 gratuita, desde que consigamos ter acesso a<\/p>\n","protected":false},"author":1,"featured_media":0,"parent":0,"menu_order":0,"comment_status":"closed","ping_status":"closed","template":"fullwidth.php","meta":{"footnotes":""},"class_list":["post-15","page","type-page","status-publish","hentry"],"_links":{"self":[{"href":"https:\/\/collinessistemas.com.br\/index.php?rest_route=\/wp\/v2\/pages\/15"}],"collection":[{"href":"https:\/\/collinessistemas.com.br\/index.php?rest_route=\/wp\/v2\/pages"}],"about":[{"href":"https:\/\/collinessistemas.com.br\/index.php?rest_route=\/wp\/v2\/types\/page"}],"author":[{"embeddable":true,"href":"https:\/\/collinessistemas.com.br\/index.php?rest_route=\/wp\/v2\/users\/1"}],"replies":[{"embeddable":true,"href":"https:\/\/collinessistemas.com.br\/index.php?rest_route=%2Fwp%2Fv2%2Fcomments&post=15"}],"version-history":[{"count":32,"href":"https:\/\/collinessistemas.com.br\/index.php?rest_route=\/wp\/v2\/pages\/15\/revisions"}],"predecessor-version":[{"id":300,"href":"https:\/\/collinessistemas.com.br\/index.php?rest_route=\/wp\/v2\/pages\/15\/revisions\/300"}],"wp:attachment":[{"href":"https:\/\/collinessistemas.com.br\/index.php?rest_route=%2Fwp%2Fv2%2Fmedia&parent=15"}],"curies":[{"name":"wp","href":"https:\/\/api.w.org\/{rel}","templated":true}]}}