{"id":121,"date":"2016-04-18T14:04:54","date_gmt":"2016-04-18T14:04:54","guid":{"rendered":"http:\/\/cefdecoracoes.com.br\/wpcollines\/?page_id=121"},"modified":"2016-11-29T20:56:34","modified_gmt":"2016-11-29T20:56:34","slug":"sobre-o-programa","status":"publish","type":"page","link":"https:\/\/collinessistemas.com.br\/?page_id=121","title":{"rendered":"Sobre o sistema"},"content":{"rendered":"<h1><img loading=\"lazy\" decoding=\"async\" class=\"alignnone wp-image-176 size-full\" src=\"http:\/\/collines.com.br\/wp-content\/uploads\/2016\/04\/banner-downloads-3.jpg\" width=\"1054\" height=\"200\" srcset=\"https:\/\/collinessistemas.com.br\/wp-content\/uploads\/2016\/04\/banner-downloads-3.jpg 1054w, https:\/\/collinessistemas.com.br\/wp-content\/uploads\/2016\/04\/banner-downloads-3-300x57.jpg 300w, https:\/\/collinessistemas.com.br\/wp-content\/uploads\/2016\/04\/banner-downloads-3-768x146.jpg 768w, https:\/\/collinessistemas.com.br\/wp-content\/uploads\/2016\/04\/banner-downloads-3-1024x194.jpg 1024w\" sizes=\"(max-width: 1054px) 100vw, 1054px\" \/><\/h1>\n<h1><strong>Sistema Online para Windows (XP,Vista,7,8)<\/strong><\/h1>\n<p>&nbsp;<\/p>\n<p><strong>Informa\u00e7\u00f5es do sistema:<\/strong><\/p>\n<div style=\"font-family: Verdana, Geneva, sans-serif; color: #666;\" align=\"justify\">\n<p>O Sistema de Gest\u00e3o Comercial Integrado, ou SGCI, tem como prop\u00f3sito simplificar a rotina da empresa provendo dados perspicazes dos procedimentos, possibilitando a ger\u00eancia de diversos setores, como: financeiro, compra, estoque, emiss\u00e3o de notas fiscais(NFe), emiss\u00e3o de boletos, relat\u00f3rios, contas a pagar, contas a receber e SAT(SP).<\/p>\n<p>O SGCI se comporta como um aliado do empreendedor, um poderoso instrumento que organiza e facilita o desempenho e execu\u00e7\u00e3o das tarefas, fornecendo informa\u00e7\u00f5es estrat\u00e9gicas e permitindo que as pessoas alocadas para tais tarefas sejam melhor aproveitadas em atividades de maior interesse, como o progresso da empresa.<\/p>\n<p><strong>Algumas das diversas vantagens ao utilizar o sistema:<\/strong><\/p>\n<p>-Controle autom\u00e1tico das entradas e sa\u00eddas dos produtos, pois os processos ser\u00e3o automatizados.<\/p>\n<p>-Utiliza\u00e7\u00e3o de m\u00faltiplos relat\u00f3rios que poder\u00e3o auxiliar nas suas tomadas de decis\u00e3o, proporcionando maior credibilidade para o planejamento estrat\u00e9gico da sua empresa.<\/p>\n<p>-Dom\u00ednio total do fluxo de caixa, recebimento de duplicatas e de pagamento de fornecedores, possibilitando controle financeiro completo da empresa.<\/p>\n<p>-Planejamento e execu\u00e7\u00e3o de campanhas de propaganda por meio de uma base de cadastros de clientes, possibilitando enviar de e-mails, realizar liga\u00e7\u00f5es, emitir brindes e mala-direta. Estas estrat\u00e9gias ser\u00e3o poss\u00edveis devido ao simples acesso aos principais dados do seu comprador, informados quando \u00e9 realizado o cadastro do cliente.<\/p>\n<p>Em s\u00edntese, o SGCI permitir\u00e1 extrair relat\u00f3rios financeiros, cumprir prazos de entrega, diminuir estoques e custos, expandir a receita e os lucros, melhorar a efici\u00eancia dos processos, gerenciar m\u00faltiplos indicadores e interagir com colaboradores, clientes ou parceiros.<\/p>\n<p>Nosso sistema \u00e9 online, assim como suas atualiza\u00e7\u00f5es. Temos nosso pr\u00f3prio navegador, que possibilita maior agilidade na intera\u00e7\u00e3o com o sistema.<\/p>\n<p><strong>Alguns t\u00f3picos do sistema:<\/strong><\/p>\n<p>\u2013 Cadastro de Clientes<\/p>\n<p>\u2013 Cadastro de Fornecedores<\/p>\n<p>&#8211; Cadastro de Produtos<\/p>\n<p>\u2013 NFe completa(Envio, Cancelamento, Inutiliza\u00e7\u00e3o, Carta Corre\u00e7\u00e3o)<\/p>\n<p>\u2013 Carta de corre\u00e7\u00e3o com envio de xml autom\u00e1tico para o cliente<\/p>\n<p>\u2013 Pedido<\/p>\n<p>\u2013 Or\u00e7amento<\/p>\n<p>\u2013 Envio de email\/xml autom\u00e1tico<\/p>\n<p>\u2013 Importa\u00e7\u00e3o de NFe de compras<\/p>\n<p>\u2013 Boletos (emite boleto para todos tipos de bancos)<\/p>\n<p>\u2013 Emiss\u00e3o de boletos registrados e sem registros<\/p>\n<p>\u2013 Contas a pagar<\/p>\n<p>\u2013 Contas a receber<\/p>\n<p>\u2013 Baixa autom\u00e1tica dos boletos<\/p>\n<p>\u2013 Xml fica hospedado online(se alguma coisa acontecer com sua m\u00e1quina, tudo est\u00e1 online)<\/p>\n<p>&#8211; Configura\u00e7\u00e3o de impostos feita pelo contador sem a necessidade de ir at\u00e9 a ampresa, apenas com acesso ao sistema<\/p>\n<p>\u2013 O contador ter\u00e1 acesso as NFe de sa\u00edda, sem ser preciso o envio.<\/p>\n<p>\u2013 Caixa Offline(caso o cliente fique sem conex\u00e3o com a internet, o sistema n\u00e3o p\u00e1ra, e quando a conex\u00e3o volta, os dados s\u00e3o atualizados automaticamente para o servidor online)<\/p>\n<p>\u2013 SAT(SP) &#8211; Sistema de Administra\u00e7\u00e3o Tribut\u00e1ria<\/p>\n<div align=\"justify\">\n<p>&nbsp;<\/p>\n<p><a href=\"http:\/\/www.collines.com.br\/Downloads\/Collines_instalador.exe\" target=\"_blank\"><img loading=\"lazy\" decoding=\"async\" class=\"alignnone size-medium wp-image-71\" src=\"http:\/\/cefdecoracoes.com.br\/wpcollines\/wp-content\/uploads\/2016\/03\/download-300x99.jpg\" alt=\"download\" width=\"300\" height=\"99\" srcset=\"https:\/\/collinessistemas.com.br\/wp-content\/uploads\/2016\/03\/download-300x99.jpg 300w, https:\/\/collinessistemas.com.br\/wp-content\/uploads\/2016\/03\/download-250x83.jpg 250w, https:\/\/collinessistemas.com.br\/wp-content\/uploads\/2016\/03\/download.jpg 389w\" sizes=\"(max-width: 300px) 100vw, 300px\" \/><\/a><\/p>\n<p><strong>Acesso: \u00a0<em>Login:<\/em><\/strong> teste \u00a0 \u00a0\u00a0<em><strong>Senha:<\/strong><\/em> 1234<\/p>\n<p><strong>Ou use o link abaixo:<\/strong><\/p>\n<p><a href=\"http:\/\/www.collines.com.br\/Downloads\/Collines_instalador.exe\" target=\"_blank\">Instalador Collines Online<\/a><\/p>\n<p><a href=\"http:\/\/www.collines.com.br\/Downloads\/Collines_instalador_Off.exe\" target=\"_blank\">Instalador Collines Offline<\/a><\/p>\n<\/div>\n<\/div>\n","protected":false},"excerpt":{"rendered":"<p>Sistema Online para Windows (XP,Vista,7,8) &nbsp; Informa\u00e7\u00f5es do sistema: O Sistema de Gest\u00e3o Comercial Integrado, ou SGCI, tem como prop\u00f3sito simplificar a rotina da empresa provendo dados perspicazes dos procedimentos, possibilitando a ger\u00eancia de diversos setores, como: financeiro, compra, estoque, emiss\u00e3o de notas fiscais(NFe), emiss\u00e3o de boletos, relat\u00f3rios, contas a pagar, contas a receber e<\/p>\n","protected":false},"author":1,"featured_media":0,"parent":0,"menu_order":0,"comment_status":"closed","ping_status":"closed","template":"fullwidth.php","meta":{"footnotes":""},"class_list":["post-121","page","type-page","status-publish","hentry"],"_links":{"self":[{"href":"https:\/\/collinessistemas.com.br\/index.php?rest_route=\/wp\/v2\/pages\/121"}],"collection":[{"href":"https:\/\/collinessistemas.com.br\/index.php?rest_route=\/wp\/v2\/pages"}],"about":[{"href":"https:\/\/collinessistemas.com.br\/index.php?rest_route=\/wp\/v2\/types\/page"}],"author":[{"embeddable":true,"href":"https:\/\/collinessistemas.com.br\/index.php?rest_route=\/wp\/v2\/users\/1"}],"replies":[{"embeddable":true,"href":"https:\/\/collinessistemas.com.br\/index.php?rest_route=%2Fwp%2Fv2%2Fcomments&post=121"}],"version-history":[{"count":17,"href":"https:\/\/collinessistemas.com.br\/index.php?rest_route=\/wp\/v2\/pages\/121\/revisions"}],"predecessor-version":[{"id":177,"href":"https:\/\/collinessistemas.com.br\/index.php?rest_route=\/wp\/v2\/pages\/121\/revisions\/177"}],"wp:attachment":[{"href":"https:\/\/collinessistemas.com.br\/index.php?rest_route=%2Fwp%2Fv2%2Fmedia&parent=121"}],"curies":[{"name":"wp","href":"https:\/\/api.w.org\/{rel}","templated":true}]}}